{"id":292,"date":"2023-04-19T20:21:52","date_gmt":"2023-04-19T20:21:52","guid":{"rendered":"https:\/\/crrifs.org\/?page_id=292"},"modified":"2023-04-26T20:26:50","modified_gmt":"2023-04-26T20:26:50","slug":"conservacion-de-tortugas-marinas","status":"publish","type":"page","link":"https:\/\/crrifs.org\/en\/conservacion-de-tortugas-marinas\/","title":{"rendered":"Sea Turtle Conservation"},"content":{"rendered":"<div data-elementor-type=\"wp-page\" data-elementor-id=\"292\" class=\"elementor elementor-292\">\n\t\t\t\t\t\t<section class=\"elementor-section elementor-top-section elementor-element elementor-element-889b3a2 elementor-section-boxed elementor-section-height-default elementor-section-height-default\" data-id=\"889b3a2\" data-element_type=\"section\" data-e-type=\"section\">\n\t\t\t\t\t\t<div class=\"elementor-container elementor-column-gap-default\">\n\t\t\t\t\t<div class=\"elementor-column elementor-col-100 elementor-top-column elementor-element elementor-element-ebd19e0\" data-id=\"ebd19e0\" data-element_type=\"column\" data-e-type=\"column\">\n\t\t\t<div class=\"elementor-widget-wrap elementor-element-populated\">\n\t\t\t\t\t\t<div class=\"elementor-element elementor-element-a75988d elementor-widget__width-inherit elementor-widget elementor-widget-spacer\" data-id=\"a75988d\" data-element_type=\"widget\" data-e-type=\"widget\" data-widget_type=\"spacer.default\">\n\t\t\t\t<div class=\"elementor-widget-container\">\n\t\t\t\t\t\t\t<div class=\"elementor-spacer\">\n\t\t\t<div class=\"elementor-spacer-inner\"><\/div>\n\t\t<\/div>\n\t\t\t\t\t\t<\/div>\n\t\t\t\t<\/div>\n\t\t\t\t\t<\/div>\n\t\t<\/div>\n\t\t\t\t\t<\/div>\n\t\t<\/section>\n\t\t\t\t<section class=\"elementor-section elementor-top-section elementor-element elementor-element-8e907ea elementor-section-boxed elementor-section-height-default elementor-section-height-default\" data-id=\"8e907ea\" data-element_type=\"section\" data-e-type=\"section\" data-settings=\"{&quot;background_background&quot;:&quot;classic&quot;}\">\n\t\t\t\t\t\t\t<div class=\"elementor-background-overlay\"><\/div>\n\t\t\t\t\t\t\t<div class=\"elementor-container elementor-column-gap-default\">\n\t\t\t\t\t<div class=\"elementor-column elementor-col-100 elementor-top-column elementor-element elementor-element-6147403\" data-id=\"6147403\" data-element_type=\"column\" data-e-type=\"column\">\n\t\t\t<div class=\"elementor-widget-wrap elementor-element-populated\">\n\t\t\t\t\t\t<div class=\"elementor-element elementor-element-ca8fd84 elementor-widget elementor-widget-heading\" data-id=\"ca8fd84\" data-element_type=\"widget\" data-e-type=\"widget\" data-widget_type=\"heading.default\">\n\t\t\t\t<div class=\"elementor-widget-container\">\n\t\t\t\t\t<h1 class=\"elementor-heading-title elementor-size-default\">CONSERVACI\u00d3N DE TORTUGAS MARINAS<\/h1>\t\t\t\t<\/div>\n\t\t\t\t<\/div>\n\t\t\t\t\t<\/div>\n\t\t<\/div>\n\t\t\t\t\t<\/div>\n\t\t<\/section>\n\t\t\t\t<section class=\"elementor-section elementor-top-section elementor-element elementor-element-71f4581 elementor-section-boxed elementor-section-height-default elementor-section-height-default\" data-id=\"71f4581\" data-element_type=\"section\" data-e-type=\"section\">\n\t\t\t\t\t\t<div class=\"elementor-container elementor-column-gap-default\">\n\t\t\t\t\t<div class=\"elementor-column elementor-col-100 elementor-top-column elementor-element elementor-element-d2a5f00\" data-id=\"d2a5f00\" data-element_type=\"column\" data-e-type=\"column\">\n\t\t\t<div class=\"elementor-widget-wrap elementor-element-populated\">\n\t\t\t\t\t\t<div class=\"elementor-element elementor-element-5de6a3f elementor-widget elementor-widget-spacer\" data-id=\"5de6a3f\" data-element_type=\"widget\" data-e-type=\"widget\" data-widget_type=\"spacer.default\">\n\t\t\t\t<div class=\"elementor-widget-container\">\n\t\t\t\t\t\t\t<div class=\"elementor-spacer\">\n\t\t\t<div class=\"elementor-spacer-inner\"><\/div>\n\t\t<\/div>\n\t\t\t\t\t\t<\/div>\n\t\t\t\t<\/div>\n\t\t\t\t\t<\/div>\n\t\t<\/div>\n\t\t\t\t\t<\/div>\n\t\t<\/section>\n\t\t\t\t<section class=\"elementor-section elementor-top-section elementor-element elementor-element-0cc7c42 elementor-section-boxed elementor-section-height-default elementor-section-height-default\" data-id=\"0cc7c42\" data-element_type=\"section\" data-e-type=\"section\">\n\t\t\t\t\t\t<div class=\"elementor-container elementor-column-gap-default\">\n\t\t\t\t\t<div class=\"elementor-column elementor-col-100 elementor-top-column elementor-element elementor-element-8b82124\" data-id=\"8b82124\" data-element_type=\"column\" data-e-type=\"column\">\n\t\t\t<div class=\"elementor-widget-wrap elementor-element-populated\">\n\t\t\t\t\t\t<div class=\"elementor-element elementor-element-53a393c elementor-widget__width-inherit elementor-widget elementor-widget-text-editor\" data-id=\"53a393c\" data-element_type=\"widget\" data-e-type=\"widget\" data-widget_type=\"text-editor.default\">\n\t\t\t\t<div class=\"elementor-widget-container\">\n\t\t\t\t\t\t\t\t\t<p style=\"margin-top: 0pt; margin-bottom: 0pt; margin-left: 0in; direction: ltr; unicode-bidi: embed; word-break: normal; text-align: center;\"><span style=\"font-size: 14.0pt; font-family: Arial; mso-ascii-font-family: Arial; mso-fareast-font-family: +mn-ea; mso-bidi-font-family: Arial; mso-fareast-theme-font: minor-fareast; color: black; mso-color-index: 1; mso-font-kerning: 12.0pt; language: es-MX; mso-style-textfill-type: solid; mso-style-textfill-fill-themecolor: text1; mso-style-textfill-fill-color: black; mso-style-textfill-fill-alpha: 100.0%;\">En la regi\u00f3n de Guaymas y San Carlos se pueden encontrar diferentes especies de tortuga marina. <\/span><\/p>\n<p style=\"margin-top: 0pt; margin-bottom: 0pt; margin-left: 0in; direction: ltr; unicode-bidi: embed; word-break: normal; text-align: center;\"><span style=\"font-size: 14.0pt; font-family: Arial; mso-ascii-font-family: Arial; mso-fareast-font-family: +mn-ea; mso-bidi-font-family: Arial; mso-fareast-theme-font: minor-fareast; color: black; mso-color-index: 1; mso-font-kerning: 12.0pt; language: es-MX; mso-style-textfill-type: solid; mso-style-textfill-fill-themecolor: text1; mso-style-textfill-fill-color: black; mso-style-textfill-fill-alpha: 100.0%;\">Nuestro programa de conservaci\u00f3n de tortugas marinas se conforma de dos \u00e1reas; <span style=\"color: #008080;\"><a href=\"https:\/\/crrifs.org\/en\/anidacion\/\"><strong><span style=\"color: #008080;\">a)<\/span><\/strong> <\/a><strong><span style=\"color: #008080;\">monitoreo<\/span> de playas de anidaci\u00f3n&nbsp;<\/strong><span style=\"color: #000000;\">de tortuga golfina<\/span><\/span> (<\/span><span style=\"font-size: 14.0pt; font-family: Arial; mso-ascii-font-family: Arial; mso-fareast-font-family: +mn-ea; mso-bidi-font-family: Arial; mso-fareast-theme-font: minor-fareast; color: black; mso-color-index: 1; mso-font-kerning: 12.0pt; language: es-MX; font-style: italic; mso-style-textfill-type: solid; mso-style-textfill-fill-themecolor: text1; mso-style-textfill-fill-color: black; mso-style-textfill-fill-alpha: 100.0%;\">Lepidochelys olivacea<\/span><span style=\"font-size: 14.0pt; font-family: Arial; mso-ascii-font-family: Arial; mso-fareast-font-family: +mn-ea; mso-bidi-font-family: Arial; mso-fareast-theme-font: minor-fareast; color: black; mso-color-index: 1; mso-font-kerning: 12.0pt; language: es-MX; mso-style-textfill-type: solid; mso-style-textfill-fill-themecolor: text1; mso-style-textfill-fill-color: black; mso-style-textfill-fill-alpha: 100.0%;\">) y <a href=\"https:\/\/crrifs.org\/en\/monitoreo-en-zonas-de-alimentacion\/\"><span style=\"color: #008000;\"><strong>b) monitoreo de zonas de alimentaci\u00f3n<\/strong><\/span><\/a> de Tortuga Verde <\/span><span style=\"font-size: 14.0pt; font-family: Arial; mso-ascii-font-family: Arial; mso-fareast-font-family: +mn-ea; mso-bidi-font-family: Arial; mso-fareast-theme-font: minor-fareast; color: black; mso-color-index: 1; mso-font-kerning: 12.0pt; language: es-MX; font-style: italic; mso-style-textfill-type: solid; mso-style-textfill-fill-themecolor: text1; mso-style-textfill-fill-color: black; mso-style-textfill-fill-alpha: 100.0%;\">(<\/span><span style=\"font-size: 14.0pt; font-family: Arial; mso-ascii-font-family: Arial; mso-fareast-font-family: +mn-ea; mso-bidi-font-family: Arial; mso-fareast-theme-font: minor-fareast; color: black; mso-color-index: 1; mso-font-kerning: 12.0pt; language: es-MX; font-style: italic; mso-style-textfill-type: solid; mso-style-textfill-fill-themecolor: text1; mso-style-textfill-fill-color: black; mso-style-textfill-fill-alpha: 100.0%;\">Chelonia&nbsp;<\/span><span style=\"font-size: 14.0pt; font-family: Arial; mso-ascii-font-family: Arial; mso-fareast-font-family: +mn-ea; mso-bidi-font-family: Arial; mso-fareast-theme-font: minor-fareast; color: black; mso-color-index: 1; mso-font-kerning: 12.0pt; language: es-MX; font-style: italic; mso-style-textfill-type: solid; mso-style-textfill-fill-themecolor: text1; mso-style-textfill-fill-color: black; mso-style-textfill-fill-alpha: 100.0%;\">mydas<\/span><span style=\"font-size: 14.0pt; font-family: Arial; mso-ascii-font-family: Arial; mso-fareast-font-family: +mn-ea; mso-bidi-font-family: Arial; mso-fareast-theme-font: minor-fareast; color: black; mso-color-index: 1; mso-font-kerning: 12.0pt; language: es-MX; mso-style-textfill-type: solid; mso-style-textfill-fill-themecolor: text1; mso-style-textfill-fill-color: black; mso-style-textfill-fill-alpha: 100.0%;\">) y ocasionalmente Tortugas Carey <\/span><span style=\"font-size: 14.0pt; font-family: Arial; mso-ascii-font-family: Arial; mso-fareast-font-family: +mn-ea; mso-bidi-font-family: Arial; mso-fareast-theme-font: minor-fareast; color: black; mso-color-index: 1; mso-font-kerning: 12.0pt; language: es-MX; font-style: italic; mso-style-textfill-type: solid; mso-style-textfill-fill-themecolor: text1; mso-style-textfill-fill-color: black; mso-style-textfill-fill-alpha: 100.0%;\">(<\/span><span style=\"font-size: 14.0pt; font-family: Arial; mso-ascii-font-family: Arial; mso-fareast-font-family: +mn-ea; mso-bidi-font-family: Arial; mso-fareast-theme-font: minor-fareast; color: black; mso-color-index: 1; mso-font-kerning: 12.0pt; language: es-MX; font-style: italic; mso-style-textfill-type: solid; mso-style-textfill-fill-themecolor: text1; mso-style-textfill-fill-color: black; mso-style-textfill-fill-alpha: 100.0%;\">Eretmochelys&nbsp;<\/span><span style=\"font-size: 14.0pt; font-family: Arial; mso-ascii-font-family: Arial; mso-fareast-font-family: +mn-ea; mso-bidi-font-family: Arial; mso-fareast-theme-font: minor-fareast; color: black; mso-color-index: 1; mso-font-kerning: 12.0pt; language: es-MX; font-style: italic; mso-style-textfill-type: solid; mso-style-textfill-fill-themecolor: text1; mso-style-textfill-fill-color: black; mso-style-textfill-fill-alpha: 100.0%;\">imbricata<\/span><span style=\"font-size: 14.0pt; font-family: Arial; mso-ascii-font-family: Arial; mso-fareast-font-family: +mn-ea; mso-bidi-font-family: Arial; mso-fareast-theme-font: minor-fareast; color: black; mso-color-index: 1; mso-font-kerning: 12.0pt; language: es-MX; mso-style-textfill-type: solid; mso-style-textfill-fill-themecolor: text1; mso-style-textfill-fill-color: black; mso-style-textfill-fill-alpha: 100.0%;\">)<\/span><span style=\"font-size: 14.0pt; font-family: Arial; mso-ascii-font-family: Arial; mso-fareast-font-family: +mn-ea; mso-bidi-font-family: Arial; mso-fareast-theme-font: minor-fareast; color: black; mso-color-index: 1; mso-font-kerning: 12.0pt; language: es-MX; font-style: italic; mso-style-textfill-type: solid; mso-style-textfill-fill-themecolor: text1; mso-style-textfill-fill-color: black; mso-style-textfill-fill-alpha: 100.0%;\">.<\/span><\/p>\t\t\t\t\t\t\t\t<\/div>\n\t\t\t\t<\/div>\n\t\t\t\t\t<\/div>\n\t\t<\/div>\n\t\t\t\t\t<\/div>\n\t\t<\/section>\n\t\t\t\t<section class=\"elementor-section elementor-top-section elementor-element elementor-element-62fbfb8 elementor-section-boxed elementor-section-height-default elementor-section-height-default\" data-id=\"62fbfb8\" data-element_type=\"section\" data-e-type=\"section\">\n\t\t\t\t\t\t<div class=\"elementor-container elementor-column-gap-default\">\n\t\t\t\t\t<div class=\"elementor-column elementor-col-100 elementor-top-column elementor-element elementor-element-6d4f244\" data-id=\"6d4f244\" data-element_type=\"column\" data-e-type=\"column\">\n\t\t\t<div class=\"elementor-widget-wrap elementor-element-populated\">\n\t\t\t\t\t\t<div class=\"elementor-element elementor-element-48940c5 elementor-widget elementor-widget-spacer\" data-id=\"48940c5\" data-element_type=\"widget\" data-e-type=\"widget\" data-widget_type=\"spacer.default\">\n\t\t\t\t<div class=\"elementor-widget-container\">\n\t\t\t\t\t\t\t<div class=\"elementor-spacer\">\n\t\t\t<div class=\"elementor-spacer-inner\"><\/div>\n\t\t<\/div>\n\t\t\t\t\t\t<\/div>\n\t\t\t\t<\/div>\n\t\t\t\t\t<\/div>\n\t\t<\/div>\n\t\t\t\t\t<\/div>\n\t\t<\/section>\n\t\t\t\t<section class=\"elementor-section elementor-top-section elementor-element elementor-element-e81d3bb elementor-section-full_width elementor-section-height-default elementor-section-height-default\" data-id=\"e81d3bb\" data-element_type=\"section\" data-e-type=\"section\">\n\t\t\t\t\t\t<div class=\"elementor-container elementor-column-gap-default\">\n\t\t\t\t\t<div class=\"elementor-column elementor-col-50 elementor-top-column elementor-element elementor-element-b77712e\" data-id=\"b77712e\" data-element_type=\"column\" data-e-type=\"column\">\n\t\t\t<div class=\"elementor-widget-wrap elementor-element-populated\">\n\t\t\t\t\t\t<div class=\"elementor-element elementor-element-b9af74b elementor-widget elementor-widget-image\" data-id=\"b9af74b\" data-element_type=\"widget\" data-e-type=\"widget\" data-widget_type=\"image.default\">\n\t\t\t\t<div class=\"elementor-widget-container\">\n\t\t\t\t\t\t\t\t\t\t\t\t\t\t\t\t<a href=\"https:\/\/crrifs.org\/en\/anidacion\/\">\n\t\t\t\t\t\t\t<img fetchpriority=\"high\" decoding=\"async\" width=\"800\" height=\"640\" src=\"https:\/\/crrifs.org\/wp-content\/uploads\/2023\/03\/Anidacion-de-tortugas-B.jpg\" class=\"attachment-large size-large wp-image-250\" alt=\"\" srcset=\"https:\/\/crrifs.org\/wp-content\/uploads\/2023\/03\/Anidacion-de-tortugas-B.jpg 800w, https:\/\/crrifs.org\/wp-content\/uploads\/2023\/03\/Anidacion-de-tortugas-B-300x240.jpg 300w, https:\/\/crrifs.org\/wp-content\/uploads\/2023\/03\/Anidacion-de-tortugas-B-768x614.jpg 768w\" sizes=\"(max-width: 800px) 100vw, 800px\" \/>\t\t\t\t\t\t\t\t<\/a>\n\t\t\t\t\t\t\t\t\t\t\t\t\t\t\t<\/div>\n\t\t\t\t<\/div>\n\t\t\t\t<div class=\"elementor-element elementor-element-d84d981 elementor-align-center elementor-widget elementor-widget-button\" data-id=\"d84d981\" data-element_type=\"widget\" data-e-type=\"widget\" data-widget_type=\"button.default\">\n\t\t\t\t<div class=\"elementor-widget-container\">\n\t\t\t\t\t\t\t\t\t<div class=\"elementor-button-wrapper\">\n\t\t\t\t\t<a class=\"elementor-button elementor-button-link elementor-size-sm\" href=\"#crrifs.org\/anidacion\/\">\n\t\t\t\t\t\t<span class=\"elementor-button-content-wrapper\">\n\t\t\t\t\t\t\t\t\t<span class=\"elementor-button-text\">Monitoreo Zonas de Anidaci\u00f3n<\/span>\n\t\t\t\t\t<\/span>\n\t\t\t\t\t<\/a>\n\t\t\t\t<\/div>\n\t\t\t\t\t\t\t\t<\/div>\n\t\t\t\t<\/div>\n\t\t\t\t\t<\/div>\n\t\t<\/div>\n\t\t\t\t<div class=\"elementor-column elementor-col-50 elementor-top-column elementor-element elementor-element-001513f\" data-id=\"001513f\" data-element_type=\"column\" data-e-type=\"column\">\n\t\t\t<div class=\"elementor-widget-wrap elementor-element-populated\">\n\t\t\t\t\t\t<div class=\"elementor-element elementor-element-9ae142a elementor-widget elementor-widget-image\" data-id=\"9ae142a\" data-element_type=\"widget\" data-e-type=\"widget\" data-widget_type=\"image.default\">\n\t\t\t\t<div class=\"elementor-widget-container\">\n\t\t\t\t\t\t\t\t\t\t\t\t\t\t\t\t<a href=\"https:\/\/crrifs.org\/en\/monitoreo-en-zonas-de-alimentacion\/\">\n\t\t\t\t\t\t\t<img decoding=\"async\" width=\"800\" height=\"600\" src=\"https:\/\/crrifs.org\/wp-content\/uploads\/2023\/04\/Monitoreo-tortugas-agua-10.png\" class=\"attachment-large size-large wp-image-406\" alt=\"\" srcset=\"https:\/\/crrifs.org\/wp-content\/uploads\/2023\/04\/Monitoreo-tortugas-agua-10.png 800w, https:\/\/crrifs.org\/wp-content\/uploads\/2023\/04\/Monitoreo-tortugas-agua-10-300x225.png 300w, https:\/\/crrifs.org\/wp-content\/uploads\/2023\/04\/Monitoreo-tortugas-agua-10-768x576.png 768w\" sizes=\"(max-width: 800px) 100vw, 800px\" \/>\t\t\t\t\t\t\t\t<\/a>\n\t\t\t\t\t\t\t\t\t\t\t\t\t\t\t<\/div>\n\t\t\t\t<\/div>\n\t\t\t\t<div class=\"elementor-element elementor-element-2b7062d elementor-align-center elementor-widget elementor-widget-button\" data-id=\"2b7062d\" data-element_type=\"widget\" data-e-type=\"widget\" data-widget_type=\"button.default\">\n\t\t\t\t<div class=\"elementor-widget-container\">\n\t\t\t\t\t\t\t\t\t<div class=\"elementor-button-wrapper\">\n\t\t\t\t\t<a class=\"elementor-button elementor-button-link elementor-size-sm\" href=\"#crrifs.org\/monitoreo-en-zonas-de-alimentacion\/\">\n\t\t\t\t\t\t<span class=\"elementor-button-content-wrapper\">\n\t\t\t\t\t\t\t\t\t<span class=\"elementor-button-text\">Monitoreo Zonas de Alimentaci\u00f3n<\/span>\n\t\t\t\t\t<\/span>\n\t\t\t\t\t<\/a>\n\t\t\t\t<\/div>\n\t\t\t\t\t\t\t\t<\/div>\n\t\t\t\t<\/div>\n\t\t\t\t\t<\/div>\n\t\t<\/div>\n\t\t\t\t\t<\/div>\n\t\t<\/section>\n\t\t\t\t<\/div>","protected":false},"excerpt":{"rendered":"<p>CONSERVACI\u00d3N DE TORTUGAS MARINAS En la regi\u00f3n de Guaymas y San Carlos se pueden encontrar diferentes especies de tortuga marina. Nuestro programa de conservaci\u00f3n de tortugas marinas se conforma de dos \u00e1reas; a) monitoreo de playas de anidaci\u00f3n&nbsp;de tortuga golfina (Lepidochelys olivacea) y b) monitoreo de zonas de alimentaci\u00f3n de Tortuga Verde (Chelonia&nbsp;mydas) y ocasionalmente [&hellip;]<\/p>\n","protected":false},"author":1,"featured_media":0,"parent":0,"menu_order":0,"comment_status":"closed","ping_status":"closed","template":"elementor_header_footer","meta":{"ocean_post_layout":"","ocean_both_sidebars_style":"","ocean_both_sidebars_content_width":0,"ocean_both_sidebars_sidebars_width":0,"ocean_sidebar":"0","ocean_second_sidebar":"0","ocean_disable_margins":"enable","ocean_add_body_class":"","ocean_shortcode_before_top_bar":"","ocean_shortcode_after_top_bar":"","ocean_shortcode_before_header":"","ocean_shortcode_after_header":"","ocean_has_shortcode":"","ocean_shortcode_after_title":"","ocean_shortcode_before_footer_widgets":"","ocean_shortcode_after_footer_widgets":"","ocean_shortcode_before_footer_bottom":"","ocean_shortcode_after_footer_bottom":"","ocean_display_top_bar":"default","ocean_display_header":"default","ocean_header_style":"","ocean_center_header_left_menu":"0","ocean_custom_header_template":"0","ocean_custom_logo":0,"ocean_custom_retina_logo":0,"ocean_custom_logo_max_width":0,"ocean_custom_logo_tablet_max_width":0,"ocean_custom_logo_mobile_max_width":0,"ocean_custom_logo_max_height":0,"ocean_custom_logo_tablet_max_height":0,"ocean_custom_logo_mobile_max_height":0,"ocean_header_custom_menu":"0","ocean_menu_typo_font_family":"0","ocean_menu_typo_font_subset":"","ocean_menu_typo_font_size":0,"ocean_menu_typo_font_size_tablet":0,"ocean_menu_typo_font_size_mobile":0,"ocean_menu_typo_font_size_unit":"px","ocean_menu_typo_font_weight":"","ocean_menu_typo_font_weight_tablet":"","ocean_menu_typo_font_weight_mobile":"","ocean_menu_typo_transform":"","ocean_menu_typo_transform_tablet":"","ocean_menu_typo_transform_mobile":"","ocean_menu_typo_line_height":0,"ocean_menu_typo_line_height_tablet":0,"ocean_menu_typo_line_height_mobile":0,"ocean_menu_typo_line_height_unit":"","ocean_menu_typo_spacing":0,"ocean_menu_typo_spacing_tablet":0,"ocean_menu_typo_spacing_mobile":0,"ocean_menu_typo_spacing_unit":"","ocean_menu_link_color":"","ocean_menu_link_color_hover":"","ocean_menu_link_color_active":"","ocean_menu_link_background":"","ocean_menu_link_hover_background":"","ocean_menu_link_active_background":"","ocean_menu_social_links_bg":"","ocean_menu_social_hover_links_bg":"","ocean_menu_social_links_color":"","ocean_menu_social_hover_links_color":"","ocean_disable_title":"default","ocean_disable_heading":"default","ocean_post_title":"","ocean_post_subheading":"","ocean_post_title_style":"","ocean_post_title_background_color":"","ocean_post_title_background":0,"ocean_post_title_bg_image_position":"","ocean_post_title_bg_image_attachment":"","ocean_post_title_bg_image_repeat":"","ocean_post_title_bg_image_size":"","ocean_post_title_height":0,"ocean_post_title_bg_overlay":0.5,"ocean_post_title_bg_overlay_color":"","ocean_disable_breadcrumbs":"default","ocean_breadcrumbs_color":"","ocean_breadcrumbs_separator_color":"","ocean_breadcrumbs_links_color":"","ocean_breadcrumbs_links_hover_color":"","ocean_display_footer_widgets":"default","ocean_display_footer_bottom":"default","ocean_custom_footer_template":"0","_joinchat":[],"footnotes":""},"class_list":["post-292","page","type-page","status-publish","hentry","entry"],"_links":{"self":[{"href":"https:\/\/crrifs.org\/en\/wp-json\/wp\/v2\/pages\/292","targetHints":{"allow":["GET"]}}],"collection":[{"href":"https:\/\/crrifs.org\/en\/wp-json\/wp\/v2\/pages"}],"about":[{"href":"https:\/\/crrifs.org\/en\/wp-json\/wp\/v2\/types\/page"}],"author":[{"embeddable":true,"href":"https:\/\/crrifs.org\/en\/wp-json\/wp\/v2\/users\/1"}],"replies":[{"embeddable":true,"href":"https:\/\/crrifs.org\/en\/wp-json\/wp\/v2\/comments?post=292"}],"version-history":[{"count":79,"href":"https:\/\/crrifs.org\/en\/wp-json\/wp\/v2\/pages\/292\/revisions"}],"predecessor-version":[{"id":925,"href":"https:\/\/crrifs.org\/en\/wp-json\/wp\/v2\/pages\/292\/revisions\/925"}],"wp:attachment":[{"href":"https:\/\/crrifs.org\/en\/wp-json\/wp\/v2\/media?parent=292"}],"curies":[{"name":"wp","href":"https:\/\/api.w.org\/{rel}","templated":true}]}}